{"id":3,"date":"2023-11-28T09:25:05","date_gmt":"2023-11-28T09:25:05","guid":{"rendered":"https:\/\/www.trullididionisia.it\/?page_id=3"},"modified":"2024-01-30T21:41:14","modified_gmt":"2024-01-30T20:41:14","slug":"termini-e-condizioni","status":"publish","type":"page","link":"https:\/\/www.trullididionisia.it\/de\/termini-e-condizioni\/","title":{"rendered":"Nutzungsbedingungen"},"content":{"rendered":"<div data-elementor-type=\"wp-page\" data-elementor-id=\"3\" class=\"elementor elementor-3\" data-elementor-post-type=\"page\">\n\t\t\t\t\t\t\t\t\t<section class=\"elementor-section elementor-top-section elementor-element elementor-element-454896a elementor-section-height-min-height elementor-section-boxed elementor-section-height-default elementor-section-items-middle\" data-id=\"454896a\" data-element_type=\"section\" data-settings=\"{&quot;background_background&quot;:&quot;classic&quot;}\">\n\t\t\t\t\t\t\t<div class=\"elementor-background-overlay\"><\/div>\n\t\t\t\t\t\t\t<div class=\"elementor-container elementor-column-gap-default\">\n\t\t\t\t\t<div class=\"elementor-column elementor-col-100 elementor-top-column elementor-element elementor-element-72daef5\" data-id=\"72daef5\" data-element_type=\"column\">\n\t\t\t<div class=\"elementor-widget-wrap elementor-element-populated\">\n\t\t\t\t\t\t\t\t<div class=\"elementor-element elementor-element-24bfe27 elementor-icon-list--layout-inline elementor-align-center elementor-list-item-link-full_width de_scroll_animation_no elementor-invisible elementor-widget elementor-widget-icon-list\" data-id=\"24bfe27\" data-element_type=\"widget\" data-settings=\"{&quot;_animation&quot;:&quot;fadeInUp&quot;,&quot;_animation_delay&quot;:200}\" data-widget_type=\"icon-list.default\">\n\t\t\t\t<div class=\"elementor-widget-container\">\n\t\t\t<link rel=\"stylesheet\" href=\"https:\/\/www.trullididionisia.it\/wp-content\/plugins\/elementor\/assets\/css\/widget-icon-list.min.css\">\t\t<ul class=\"elementor-icon-list-items elementor-inline-items\">\n\t\t\t\t\t\t\t<li class=\"elementor-icon-list-item elementor-inline-item\">\n\t\t\t\t\t\t\t\t\t\t\t<a href=\"https:\/\/www.trullididionisia.it\/de\/\">\n\n\t\t\t\t\t\t\t\t\t\t\t<span class=\"elementor-icon-list-text\">Home<\/span>\n\t\t\t\t\t\t\t\t\t\t\t<\/a>\n\t\t\t\t\t\t\t\t\t<\/li>\n\t\t\t\t\t\t\t\t<li class=\"elementor-icon-list-item elementor-inline-item\">\n\t\t\t\t\t\t\t\t\t\t\t<span class=\"elementor-icon-list-icon\">\n\t\t\t\t\t\t\t<i aria-hidden=\"true\" class=\"fas fa-circle\"><\/i>\t\t\t\t\t\t<\/span>\n\t\t\t\t\t\t\t\t\t\t<span class=\"elementor-icon-list-text\"><\/span>\n\t\t\t\t\t\t\t\t\t<\/li>\n\t\t\t\t\t\t<\/ul>\n\t\t\t\t<\/div>\n\t\t\t\t<\/div>\n\t\t\t\t\t<\/div>\n\t\t<\/div>\n\t\t\t\t\t\t\t<\/div>\n\t\t<\/section>\n\t\t\t\t<section class=\"elementor-section elementor-top-section elementor-element elementor-element-8a6bc3a elementor-section-boxed elementor-section-height-default elementor-section-height-default\" data-id=\"8a6bc3a\" data-element_type=\"section\">\n\t\t\t\t\t\t<div class=\"elementor-container elementor-column-gap-default\">\n\t\t\t\t\t<div class=\"elementor-column elementor-col-100 elementor-top-column elementor-element elementor-element-5e85595\" data-id=\"5e85595\" data-element_type=\"column\">\n\t\t\t<div class=\"elementor-widget-wrap elementor-element-populated\">\n\t\t\t\t\t\t\t\t<section class=\"elementor-section elementor-inner-section elementor-element elementor-element-dcc04e4 elementor-section-boxed elementor-section-height-default elementor-section-height-default\" data-id=\"dcc04e4\" data-element_type=\"section\">\n\t\t\t\t\t\t<div class=\"elementor-container elementor-column-gap-no\">\n\t\t\t\t\t<div class=\"elementor-column elementor-col-100 elementor-inner-column elementor-element elementor-element-764887e\" data-id=\"764887e\" data-element_type=\"column\">\n\t\t\t<div class=\"elementor-widget-wrap elementor-element-populated\">\n\t\t\t\t\t\t\t\t<div class=\"elementor-element elementor-element-8912d8b de_scroll_animation_no elementor-widget elementor-widget-text-editor\" data-id=\"8912d8b\" data-element_type=\"widget\" data-widget_type=\"text-editor.default\">\n\t\t\t\t<div class=\"elementor-widget-container\">\n\t\t\t<style>\/*! elementor - v3.16.0 - 20-09-2023 *\/\n.elementor-widget-text-editor.elementor-drop-cap-view-stacked .elementor-drop-cap{background-color:#69727d;color:#fff}.elementor-widget-text-editor.elementor-drop-cap-view-framed .elementor-drop-cap{color:#69727d;border:3px solid;background-color:transparent}.elementor-widget-text-editor:not(.elementor-drop-cap-view-default) .elementor-drop-cap{margin-top:8px}.elementor-widget-text-editor:not(.elementor-drop-cap-view-default) .elementor-drop-cap-letter{width:1em;height:1em}.elementor-widget-text-editor .elementor-drop-cap{float:left;text-align:center;line-height:1;font-size:50px}.elementor-widget-text-editor .elementor-drop-cap-letter{display:inline-block}<\/style>\t\t\t\t<h3>Nutzungsbedingungen<\/h3>\n<div>&nbsp;<\/div>\n<div>\n<div>\n<p><strong>Best\u00e4tigung der Buchung:<\/strong><\/p>\n<ul>\n<li>Um die Buchung zu best\u00e4tigen, bitten wir um eine Anzahlung von 50% des Gesamtbetrages. Die Restzahlung von 50% ist sp\u00e4testens bei Ankunft f\u00e4llig.<\/li>\n<li>Eine Woche vor Ihrer Ankunft ist eine Kaution in H\u00f6he von 1.500 \u20ac zu hinterlegen. Die Kaution wird 7 Tage nach dem Check-out zur\u00fcckerstattet. Eventuelle Sch\u00e4den oder Verluste an der Immobilie werden von der Kaution abgezogen.<\/li>\n<\/ul>\n<\/div>\n<\/div>\n<div>\n<div>&nbsp;<\/div>\n<div>\n<h3 style=\"font-family: var( --e-global-typography-secondary-font-family ), Sans-serif; font-weight: var( --e-global-typography-secondary-font-weight ); line-height: var( --e-global-typography-secondary-line-height ); font-size: var( --e-global-typography-secondary-font-size );\"><span style=\"font-weight: bolder; color: var( --e-global-color-text ); font-family: var( --e-global-typography-text-font-family ), Sans-serif; font-size: var( --e-global-typography-text-font-size );\">Stornierungsbedingungen:<\/span><\/h3>\n<div>\n<ul style=\"font-size: 13px;\">\n<li style=\"font-size: 13px;\">Mehr als 60 Tage vor der geplanten Ankunft: R\u00fcckerstattung aller Zahlungen, die die geleistete Anzahlung \u00fcbersteigen (Verlust der Anzahlung in H\u00f6he von 50%).<\/li>\n<li style=\"font-size: 13px;\">Weniger als 60 Tage vor der geplanten Ankunft: Zus\u00e4tzlich zum Verlust der Anzahlung ist eine Strafe in H\u00f6he von 30% des Buchungspreises zu entrichten (Verlust der Anzahlung in H\u00f6he von 50% zuz\u00fcglich 30% Strafzahlung = 80%)<\/li>\n<\/ul>\n<div>&nbsp;<\/div>\n<div>\n<h3 style=\"font-family: var( --e-global-typography-secondary-font-family ), Sans-serif; font-weight: var( --e-global-typography-secondary-font-weight ); line-height: var( --e-global-typography-secondary-line-height ); font-size: var( --e-global-typography-secondary-font-size );\"><span style=\"font-weight: bolder; color: var( --e-global-color-text ); font-family: var( --e-global-typography-text-font-family ), Sans-serif; font-size: var( --e-global-typography-text-font-size );\">Bedingungen<\/span><\/h3>\n<div>\n<ul style=\"font-size: 13px;\">\n<li style=\"font-size: 13px;\">Check in: <br>Anreise: von 16.00 Uhr bis 20.00 Uhr<\/li>\n<li style=\"font-size: 13px;\">Check out: <br>Abreise: bis 10.00 uhr<\/li>\n<\/ul>\n<\/div>\n<\/div>\n<\/div>\n<\/div>\n<\/div>\n<p><span style=\"color: var( --e-global-color-text ); font-family: var( --e-global-typography-text-font-family ), Sans-serif; font-size: var( --e-global-typography-text-font-size ); font-weight: bolder;\">&nbsp;<\/span><\/p>\n<h3><span style=\"color: var( --e-global-color-text ); font-family: var( --e-global-typography-text-font-family ), Sans-serif; font-size: var( --e-global-typography-text-font-size ); font-weight: bolder;\">Exklusive Nutzung:<\/span><\/h3>\n<div>\n<ul style=\"font-size: 13px;\">\n<li style=\"font-size: 13px;\">Die Ferienunterkunft darf nur von registrierten G\u00e4sten genutzt werden.&nbsp;<\/li>\n<li style=\"font-size: 13px;\">\n<p id=\"tw-target-text\" class=\"tw-data-text tw-text-large tw-ta\" dir=\"ltr\" data-placeholder=\"\u00dcbersetzung\" data-ved=\"2ahUKEwj7v8Pi94WEAxUf8AIHHYhRDGEQ3ewLegQIBRAQ\"><span class=\"Y2IQFc\" lang=\"it\">Es ist nicht gestattet auf dem Anwesen Partys oder Veranstaltungen zu organisieren.<\/span><\/p>\n<\/li>\n<\/ul>\n<\/div>\t\t\t\t\t\t<\/div>\n\t\t\t\t<\/div>\n\t\t\t\t\t<\/div>\n\t\t<\/div>\n\t\t\t\t\t\t\t<\/div>\n\t\t<\/section>\n\t\t\t\t\t<\/div>\n\t\t<\/div>\n\t\t\t\t\t\t\t<\/div>\n\t\t<\/section>\n\t\t<div class=\"elementor-element elementor-element-19a02ca e-flex e-con-boxed e-con e-parent\" data-id=\"19a02ca\" data-element_type=\"container\" data-settings=\"{&quot;content_width&quot;:&quot;boxed&quot;}\" data-core-v316-plus=\"true\">\n\t\t\t\t\t<div class=\"e-con-inner\">\n\t\t<div class=\"elementor-element elementor-element-744e3b4 e-con-full e-flex e-con e-child\" data-id=\"744e3b4\" data-element_type=\"container\" data-settings=\"{&quot;content_width&quot;:&quot;full&quot;}\">\n\t\t\t\t<div class=\"elementor-element elementor-element-0e4581d elementor-align-right de_scroll_animation_no elementor-widget elementor-widget-button\" data-id=\"0e4581d\" data-element_type=\"widget\" data-widget_type=\"button.default\">\n\t\t\t\t<div class=\"elementor-widget-container\">\n\t\t\t\t\t<div class=\"elementor-button-wrapper\">\n\t\t\t<a class=\"elementor-button elementor-button-link elementor-size-sm\" href=\"https:\/\/www.trullididionisia.it\/wp-content\/uploads\/2024\/01\/Condizioni_generali_trullididionisia_it.pdf\" target=\"_blank\">\n\t\t\t\t\t\t<span class=\"elementor-button-content-wrapper\">\n\t\t\t\t\t\t<span class=\"elementor-button-icon elementor-align-icon-left\">\n\t\t\t\t<i aria-hidden=\"true\" class=\"fas fa-download\"><\/i>\t\t\t<\/span>\n\t\t\t\t\t\t<span class=\"elementor-button-text\">Download Nutzungsbedingungen.pdf<\/span>\n\t\t<\/span>\n\t\t\t\t\t<\/a>\n\t\t<\/div>\n\t\t\t\t<\/div>\n\t\t\t\t<\/div>\n\t\t\t\t<\/div>\n\t\t<div class=\"elementor-element elementor-element-9c843be e-con-full e-flex e-con e-child\" data-id=\"9c843be\" data-element_type=\"container\" data-settings=\"{&quot;content_width&quot;:&quot;full&quot;}\">\n\t\t\t\t<div class=\"elementor-element elementor-element-7d5c6b1 elementor-align-left de_scroll_animation_no elementor-widget elementor-widget-button\" data-id=\"7d5c6b1\" data-element_type=\"widget\" data-widget_type=\"button.default\">\n\t\t\t\t<div class=\"elementor-widget-container\">\n\t\t\t\t\t<div class=\"elementor-button-wrapper\">\n\t\t\t<a class=\"elementor-button elementor-button-link elementor-size-sm\" href=\"https:\/\/www.trullididionisia.it\/wp-content\/uploads\/2024\/01\/CONTRATTO-DI-LOCAZIONE-TURISTICA-trullididionisia.pdf\" target=\"_blank\">\n\t\t\t\t\t\t<span class=\"elementor-button-content-wrapper\">\n\t\t\t\t\t\t<span class=\"elementor-button-icon elementor-align-icon-left\">\n\t\t\t\t<i aria-hidden=\"true\" class=\"fas fa-download\"><\/i>\t\t\t<\/span>\n\t\t\t\t\t\t<span class=\"elementor-button-text\">Download Vertrag.pdf<\/span>\n\t\t<\/span>\n\t\t\t\t\t<\/a>\n\t\t<\/div>\n\t\t\t\t<\/div>\n\t\t\t\t<\/div>\n\t\t\t\t<\/div>\n\t\t\t\t\t<\/div>\n\t\t\t\t<\/div>\n\t\t\t\t\t\t\t<\/div>","protected":false},"excerpt":{"rendered":"<p>Home Termini e condizioni &nbsp; Conferma della prenotazione: Per confermare la prenotazione, chiediamo un acconto del 50% dell\u2019importo totale. Il pagamento finale del 50% deve essere effettuato al meno all&#8217;arrivo. \u00c9 richiesto deposito cauzionale di \u20ac 1.500 da pagare 1 settimana prima del vostro arrivo. Il deposito sar\u00e0 restituito 7 giorni dopo il check out. [&hellip;]<\/p>","protected":false},"author":1,"featured_media":0,"parent":0,"menu_order":0,"comment_status":"closed","ping_status":"closed","template":"","meta":{"footnotes":""},"class_list":["post-3","page","type-page","status-publish","hentry"],"aioseo_notices":[],"_links":{"self":[{"href":"https:\/\/www.trullididionisia.it\/de\/wp-json\/wp\/v2\/pages\/3","targetHints":{"allow":["GET"]}}],"collection":[{"href":"https:\/\/www.trullididionisia.it\/de\/wp-json\/wp\/v2\/pages"}],"about":[{"href":"https:\/\/www.trullididionisia.it\/de\/wp-json\/wp\/v2\/types\/page"}],"author":[{"embeddable":true,"href":"https:\/\/www.trullididionisia.it\/de\/wp-json\/wp\/v2\/users\/1"}],"replies":[{"embeddable":true,"href":"https:\/\/www.trullididionisia.it\/de\/wp-json\/wp\/v2\/comments?post=3"}],"version-history":[{"count":73,"href":"https:\/\/www.trullididionisia.it\/de\/wp-json\/wp\/v2\/pages\/3\/revisions"}],"predecessor-version":[{"id":1571,"href":"https:\/\/www.trullididionisia.it\/de\/wp-json\/wp\/v2\/pages\/3\/revisions\/1571"}],"wp:attachment":[{"href":"https:\/\/www.trullididionisia.it\/de\/wp-json\/wp\/v2\/media?parent=3"}],"curies":[{"name":"wp","href":"https:\/\/api.w.org\/{rel}","templated":true}]}}